
{"id":4366,"date":"2024-07-27T06:27:24","date_gmt":"2024-07-27T06:27:24","guid":{"rendered":"https:\/\/sushiyami.lv\/?post_type=product&#038;p=4366"},"modified":"2025-09-14T12:36:56","modified_gmt":"2025-09-14T12:36:56","slug":"hosomaki-set-48gb","status":"publish","type":"product","link":"https:\/\/www.sushiyami.lv\/lv\/product\/hosomaki-set-48gb\/","title":{"rendered":"HOSOMAKI SET (40gb)"},"content":{"rendered":"<p>Sake cheese maki,<\/p>\n<p>ebi cheese maki,<\/p>\n<p>avokado maki,<\/p>\n<p>kappa maki,<\/p>\n<p>chuka maki,<\/p>\n<p>spisy \u00a0sake\u00a0maki<\/p>\n<p>(40gb)<\/p>\n<p>Sast\u0101vda\u013cas: Nori 2 loksnes, r\u012bsi, Filadelfijas siers, gur\u0137is, avokado (lasis\/garnele\/krabis), m\u012bkla, panko r\u012bvmaize, unagi m\u0113rce.<br \/>\nAlerg\u0113ni: (1,3,6,8,11,12,13)<\/p>\n","protected":false},"excerpt":{"rendered":"<p>Sake cheese maki,<\/p>\n<p>ebi cheese maki,<\/p>\n<p>avokado maki,<\/p>\n<p>kappa maki,<\/p>\n<p>chuka maki,<\/p>\n<p>spisy \u00a0sake\u00a0maki<\/p>\n<p>(40gb)<br \/>\nAlerg\u0113ni: (1,3,6,8,11,12,13)<\/p>\n","protected":false},"featured_media":4855,"template":"","meta":{"_acf_changed":false},"product_cat":[102],"product_tag":[],"class_list":{"0":"post-4366","1":"product","2":"type-product","3":"status-publish","4":"has-post-thumbnail","6":"product_cat-susi-komplekti","8":"first","9":"instock","10":"shipping-taxable","11":"purchasable","12":"product-type-simple"},"acf":[],"_links":{"self":[{"href":"https:\/\/www.sushiyami.lv\/lv\/wp-json\/wp\/v2\/product\/4366","targetHints":{"allow":["GET"]}}],"collection":[{"href":"https:\/\/www.sushiyami.lv\/lv\/wp-json\/wp\/v2\/product"}],"about":[{"href":"https:\/\/www.sushiyami.lv\/lv\/wp-json\/wp\/v2\/types\/product"}],"wp:featuredmedia":[{"embeddable":true,"href":"https:\/\/www.sushiyami.lv\/lv\/wp-json\/wp\/v2\/media\/4855"}],"wp:attachment":[{"href":"https:\/\/www.sushiyami.lv\/lv\/wp-json\/wp\/v2\/media?parent=4366"}],"wp:term":[{"taxonomy":"product_cat","embeddable":true,"href":"https:\/\/www.sushiyami.lv\/lv\/wp-json\/wp\/v2\/product_cat?post=4366"},{"taxonomy":"product_tag","embeddable":true,"href":"https:\/\/www.sushiyami.lv\/lv\/wp-json\/wp\/v2\/product_tag?post=4366"}],"curies":[{"name":"wp","href":"https:\/\/api.w.org\/{rel}","templated":true}]}}